{"id":2675,"date":"2022-08-26T19:10:02","date_gmt":"2022-08-26T19:10:02","guid":{"rendered":"https:\/\/infinityloveroses.com.ec\/?post_type=product&#038;p=2675"},"modified":"2024-07-02T20:20:59","modified_gmt":"2024-07-02T20:20:59","slug":"playa-blanca","status":"publish","type":"product","link":"https:\/\/infinityloveroses.com.ec\/es\/producto\/playa-blanca\/","title":{"rendered":"Playa Blanca"},"content":{"rendered":"","protected":false},"excerpt":{"rendered":"<p><span style=\"font-weight: 400;\">Playa Blanca es una rosa blanca de tama\u00f1o mediano que tiene un tama\u00f1o de 40-70 cm. Puede durar hasta 12 d\u00edas en un florero y es perfecta para demostrar amor puro.<\/span><\/p>\n<div class=\"contenedor-descripcion\">\n<div class=\"imagen\">\n    <img decoding=\"async\" src=\"https:\/\/infinityloveroses.com.ec\/wp-content\/uploads\/2022\/09\/Mesa-de-trabajo-2_15_caracteristicas.svg\" alt=\"\" \/>\n  <\/div>\n<div class=\"medida-tamano\">\n<p>Tama\u00f1o<\/p>\n<\/p><\/div>\n<div class=\"valor-medida\">\n<p>40-70 CM<\/p>\n<\/p><\/div>\n<\/div>\n<div class=\"contenedor-descripcion\">\n<div class=\"imagen\">\n    <img decoding=\"async\" src=\"https:\/\/infinityloveroses.com.ec\/wp-content\/uploads\/2022\/09\/Mesa-de-trabajo-2_16_caracteristicas.svg\" alt=\"\" \/>\n  <\/div>\n<div class=\"medida\">\n<p>Tama\u00f1o de Cabeza<\/p>\n<\/p><\/div>\n<div class=\"valor-medida\">\n<p>6cm<\/p>\n<\/p><\/div>\n<\/div>\n<div class=\"contenedor-descripcion\">\n<div class=\"imagen\">\n    <img decoding=\"async\" src=\"https:\/\/infinityloveroses.com.ec\/wp-content\/uploads\/2022\/09\/Mesa-de-trabajo-2_14_caracteristicas.svg\" alt=\"\" \/>\n  <\/div>\n<div class=\"medida\">\n<p>N\u00famero de p\u00e9talos<\/p>\n<\/p><\/div>\n<div class=\"valor-medida\">\n<p>56<\/p>\n<\/p><\/div>\n<\/div>","protected":false},"featured_media":3990,"comment_status":"open","ping_status":"closed","template":"","meta":{"site-sidebar-layout":"default","site-content-layout":"default","ast-site-content-layout":"default","site-content-style":"default","site-sidebar-style":"default","ast-global-header-display":"","ast-banner-title-visibility":"","ast-main-header-display":"","ast-hfb-above-header-display":"","ast-hfb-below-header-display":"","ast-hfb-mobile-header-display":"","site-post-title":"","ast-breadcrumbs-content":"","ast-featured-img":"","footer-sml-layout":"","ast-disable-related-posts":"","theme-transparent-header-meta":"default","adv-header-id-meta":"","stick-header-meta":"","header-above-stick-meta":"","header-main-stick-meta":"","header-below-stick-meta":"","astra-migrate-meta-layouts":"set","ast-page-background-enabled":"default","ast-page-background-meta":{"desktop":{"background-color":"","background-image":"","background-repeat":"repeat","background-position":"center center","background-size":"auto","background-attachment":"scroll","background-type":"","background-media":"","overlay-type":"","overlay-color":"","overlay-opacity":"","overlay-gradient":""},"tablet":{"background-color":"","background-image":"","background-repeat":"repeat","background-position":"center center","background-size":"auto","background-attachment":"scroll","background-type":"","background-media":"","overlay-type":"","overlay-color":"","overlay-opacity":"","overlay-gradient":""},"mobile":{"background-color":"","background-image":"","background-repeat":"repeat","background-position":"center center","background-size":"auto","background-attachment":"scroll","background-type":"","background-media":"","overlay-type":"","overlay-color":"","overlay-opacity":"","overlay-gradient":""}},"ast-content-background-meta":{"desktop":{"background-color":"var(--ast-global-color-5)","background-image":"","background-repeat":"repeat","background-position":"center center","background-size":"auto","background-attachment":"scroll","background-type":"","background-media":"","overlay-type":"","overlay-color":"","overlay-opacity":"","overlay-gradient":""},"tablet":{"background-color":"var(--ast-global-color-5)","background-image":"","background-repeat":"repeat","background-position":"center center","background-size":"auto","background-attachment":"scroll","background-type":"","background-media":"","overlay-type":"","overlay-color":"","overlay-opacity":"","overlay-gradient":""},"mobile":{"background-color":"var(--ast-global-color-5)","background-image":"","background-repeat":"repeat","background-position":"center center","background-size":"auto","background-attachment":"scroll","background-type":"","background-media":"","overlay-type":"","overlay-color":"","overlay-opacity":"","overlay-gradient":""}}},"product_brand":[],"product_cat":[27],"product_tag":[],"class_list":{"0":"post-2675","1":"product","2":"type-product","3":"status-publish","4":"has-post-thumbnail","6":"product_cat-fresh-flowers","7":"desktop-align-left","8":"tablet-align-left","9":"mobile-align-left","11":"first","12":"instock","13":"featured","14":"shipping-taxable","15":"product-type-simple"},"_links":{"self":[{"href":"https:\/\/infinityloveroses.com.ec\/es\/wp-json\/wp\/v2\/product\/2675","targetHints":{"allow":["GET"]}}],"collection":[{"href":"https:\/\/infinityloveroses.com.ec\/es\/wp-json\/wp\/v2\/product"}],"about":[{"href":"https:\/\/infinityloveroses.com.ec\/es\/wp-json\/wp\/v2\/types\/product"}],"replies":[{"embeddable":true,"href":"https:\/\/infinityloveroses.com.ec\/es\/wp-json\/wp\/v2\/comments?post=2675"}],"wp:featuredmedia":[{"embeddable":true,"href":"https:\/\/infinityloveroses.com.ec\/es\/wp-json\/wp\/v2\/media\/3990"}],"wp:attachment":[{"href":"https:\/\/infinityloveroses.com.ec\/es\/wp-json\/wp\/v2\/media?parent=2675"}],"wp:term":[{"taxonomy":"product_brand","embeddable":true,"href":"https:\/\/infinityloveroses.com.ec\/es\/wp-json\/wp\/v2\/product_brand?post=2675"},{"taxonomy":"product_cat","embeddable":true,"href":"https:\/\/infinityloveroses.com.ec\/es\/wp-json\/wp\/v2\/product_cat?post=2675"},{"taxonomy":"product_tag","embeddable":true,"href":"https:\/\/infinityloveroses.com.ec\/es\/wp-json\/wp\/v2\/product_tag?post=2675"}],"curies":[{"name":"wp","href":"https:\/\/api.w.org\/{rel}","templated":true}]}}